{"id":1471,"date":"2024-10-15T15:49:16","date_gmt":"2024-10-15T18:49:16","guid":{"rendered":"https:\/\/jetpaper.ar\/?post_type=product&#038;p=1471"},"modified":"2026-03-20T15:38:42","modified_gmt":"2026-03-20T18:38:42","slug":"jabon-liquido-skip-bio-enzimas-3-litros","status":"publish","type":"product","link":"https:\/\/jetpaper.ar\/?product=jabon-liquido-skip-bio-enzimas-3-litros","title":{"rendered":"Jab\u00f3n L\u00edquido SKIP Bio Enzimas  &#8211;  3 Litros"},"content":{"rendered":"<h3>Beneficios:<\/h3>\n<p>1. Elimina las manchas.<\/p>\n<p>2. Cuida las texturas.<\/p>\n<p>3. Mantiene los colores.<\/p>\n<p>4. Reduce el amarillentamiento.<\/p>\n<p>5. Previene la formaci\u00f3n de pelotitas.<\/p>\n","protected":false},"excerpt":{"rendered":"<p>Skip Evolution l\u00edquido limpia profundamente tu ropa mientras la protege de los 5 signos de da\u00f1o gracias a su exclusiva tecnolog\u00eda FIBERCARE SERUM. Ideal para el cuidado de todo tipo de telas. Conoc\u00e9 las ventajas que tiene para ofrecerte nuestro jab\u00f3n l\u00edquido baja espuma.<\/p>\n","protected":false},"featured_media":1470,"comment_status":"open","ping_status":"closed","template":"","meta":[],"_links":{"self":[{"href":"https:\/\/jetpaper.ar\/index.php?rest_route=\/wp\/v2\/product\/1471"}],"collection":[{"href":"https:\/\/jetpaper.ar\/index.php?rest_route=\/wp\/v2\/product"}],"about":[{"href":"https:\/\/jetpaper.ar\/index.php?rest_route=\/wp\/v2\/types\/product"}],"replies":[{"embeddable":true,"href":"https:\/\/jetpaper.ar\/index.php?rest_route=%2Fwp%2Fv2%2Fcomments&post=1471"}],"wp:featuredmedia":[{"embeddable":true,"href":"https:\/\/jetpaper.ar\/index.php?rest_route=\/wp\/v2\/media\/1470"}],"wp:attachment":[{"href":"https:\/\/jetpaper.ar\/index.php?rest_route=%2Fwp%2Fv2%2Fmedia&parent=1471"}],"curies":[{"name":"wp","href":"https:\/\/api.w.org\/{rel}","templated":true}]}}