{"id":1466,"date":"2024-10-15T15:44:10","date_gmt":"2024-10-15T18:44:10","guid":{"rendered":"https:\/\/jetpaper.ar\/?post_type=product&#038;p=1466"},"modified":"2026-01-07T07:51:59","modified_gmt":"2026-01-07T10:51:59","slug":"lavandina-ayudin-clasica-1-litro","status":"publish","type":"product","link":"https:\/\/jetpaper.ar\/?product=lavandina-ayudin-clasica-1-litro","title":{"rendered":"Lavandina AYUD\u00cdN Cl\u00e1sica \u2013 1 Litro x 6"},"content":{"rendered":"<p>En el ba\u00f1o, la cocina y en otras \u00e1reas de la casa, podemos encontrar superficies contaminadas. Por eso, se recomienda la desinfecci\u00f3n de los pisos de la cocina, living, cuartos, ba\u00f1o, patio y balc\u00f3n; la mesada, pileta y utensilios de cocina, artefactos del ba\u00f1o, las llaves de las canillas, el bot\u00f3n de descarga del inodoro y las manijas de todas las puertas de la casa.<\/p>\n<p>Por su versatilidad y dado que es un producto de limpieza de los m\u00e1s econ\u00f3micos, es un aliado infaltable en los hogares, ofreciendo limpieza y desinfecci\u00f3n. Cuando realmente importa confia en Ayudin.<\/p>\n<p>Efectivo contra Sars-CoV-2 Elimina el 99,9% de las bacterias y virus Desinfecci\u00f3n m\u00e1s r\u00e1pida Apta para consumo humano<\/p>\n","protected":false},"excerpt":{"rendered":"<p>Mantiene todo su poder para desodorizar y desinfectar. Es ideal para que realices la limpieza de tu hogar, que lo utilices en diferentes superficies.<br \/>\nAyud\u00edn elimina el 99.9% de hongos, virus y bacterias.<\/p>\n","protected":false},"featured_media":1468,"comment_status":"open","ping_status":"closed","template":"","meta":[],"_links":{"self":[{"href":"https:\/\/jetpaper.ar\/index.php?rest_route=\/wp\/v2\/product\/1466"}],"collection":[{"href":"https:\/\/jetpaper.ar\/index.php?rest_route=\/wp\/v2\/product"}],"about":[{"href":"https:\/\/jetpaper.ar\/index.php?rest_route=\/wp\/v2\/types\/product"}],"replies":[{"embeddable":true,"href":"https:\/\/jetpaper.ar\/index.php?rest_route=%2Fwp%2Fv2%2Fcomments&post=1466"}],"wp:featuredmedia":[{"embeddable":true,"href":"https:\/\/jetpaper.ar\/index.php?rest_route=\/wp\/v2\/media\/1468"}],"wp:attachment":[{"href":"https:\/\/jetpaper.ar\/index.php?rest_route=%2Fwp%2Fv2%2Fmedia&parent=1466"}],"curies":[{"name":"wp","href":"https:\/\/api.w.org\/{rel}","templated":true}]}}