{"id":1112,"date":"2021-08-27T19:09:06","date_gmt":"2021-08-27T22:09:06","guid":{"rendered":"https:\/\/jetpaper.ar\/?post_type=product&#038;p=1112"},"modified":"2021-08-27T19:09:06","modified_gmt":"2021-08-27T22:09:06","slug":"sk41-crema-limpiamanos-productos-especiales","status":"publish","type":"product","link":"https:\/\/jetpaper.ar\/?product=sk41-crema-limpiamanos-productos-especiales","title":{"rendered":"SK41 : Crema Limpiamanos Productos Especiales\u00a0"},"content":{"rendered":"","protected":false},"excerpt":{"rendered":"<p><strong>SK41 : Crema Limpiamanos Productos Especiales\u00a0<\/strong><\/p>\n<p>Exclusiva f\u00f3rmula, in\u00e9dita en el pa\u00eds. Crema limpiamanos con lanolina para la mejor protecci\u00f3n de las manos. No contiene solventes ni amon\u00edaco, con suave aroma a naranja. Diluye r\u00e1pidamente tintas y grasas dejando un agradable aroma c\u00edtrico. Incluye pr\u00e1ctico dosificador que permite optimizar su rendimiento y duraci\u00f3n comparado a otras cremas o pastas limpiamanos tradicionales.<\/p>\n","protected":false},"featured_media":1069,"comment_status":"closed","ping_status":"closed","template":"","meta":[],"_links":{"self":[{"href":"https:\/\/jetpaper.ar\/index.php?rest_route=\/wp\/v2\/product\/1112"}],"collection":[{"href":"https:\/\/jetpaper.ar\/index.php?rest_route=\/wp\/v2\/product"}],"about":[{"href":"https:\/\/jetpaper.ar\/index.php?rest_route=\/wp\/v2\/types\/product"}],"replies":[{"embeddable":true,"href":"https:\/\/jetpaper.ar\/index.php?rest_route=%2Fwp%2Fv2%2Fcomments&post=1112"}],"wp:featuredmedia":[{"embeddable":true,"href":"https:\/\/jetpaper.ar\/index.php?rest_route=\/wp\/v2\/media\/1069"}],"wp:attachment":[{"href":"https:\/\/jetpaper.ar\/index.php?rest_route=%2Fwp%2Fv2%2Fmedia&parent=1112"}],"curies":[{"name":"wp","href":"https:\/\/api.w.org\/{rel}","templated":true}]}}