{"id":1111,"date":"2021-08-27T19:06:50","date_gmt":"2021-08-27T22:06:50","guid":{"rendered":"https:\/\/jetpaper.ar\/?post_type=product&#038;p=1111"},"modified":"2021-08-27T19:06:51","modified_gmt":"2021-08-27T22:06:51","slug":"sk350-smack-productos-especiales","status":"publish","type":"product","link":"https:\/\/jetpaper.ar\/?product=sk350-smack-productos-especiales","title":{"rendered":"SK350 : Smack Productos Especiales"},"content":{"rendered":"","protected":false},"excerpt":{"rendered":"<p><strong>SK350 : Smack Productos Especiales<\/strong><\/p>\n<p>Gel formulado con componentes qu\u00edmicos de r\u00e1pida acci\u00f3n, que permite corregir de forma efectiva marcas por aplastamiento en las mantillas de caucho. Su accionar recupera en segundos el estado original de la mantilla sin p\u00e9rdida de tiempo.<\/p>\n","protected":false},"featured_media":1074,"comment_status":"closed","ping_status":"closed","template":"","meta":[],"_links":{"self":[{"href":"https:\/\/jetpaper.ar\/index.php?rest_route=\/wp\/v2\/product\/1111"}],"collection":[{"href":"https:\/\/jetpaper.ar\/index.php?rest_route=\/wp\/v2\/product"}],"about":[{"href":"https:\/\/jetpaper.ar\/index.php?rest_route=\/wp\/v2\/types\/product"}],"replies":[{"embeddable":true,"href":"https:\/\/jetpaper.ar\/index.php?rest_route=%2Fwp%2Fv2%2Fcomments&post=1111"}],"wp:featuredmedia":[{"embeddable":true,"href":"https:\/\/jetpaper.ar\/index.php?rest_route=\/wp\/v2\/media\/1074"}],"wp:attachment":[{"href":"https:\/\/jetpaper.ar\/index.php?rest_route=%2Fwp%2Fv2%2Fmedia&parent=1111"}],"curies":[{"name":"wp","href":"https:\/\/api.w.org\/{rel}","templated":true}]}}