{"id":1110,"date":"2021-08-27T19:04:04","date_gmt":"2021-08-27T22:04:04","guid":{"rendered":"https:\/\/jetpaper.ar\/?post_type=product&#038;p=1110"},"modified":"2021-09-09T14:47:03","modified_gmt":"2021-09-09T17:47:03","slug":"sk50-a2-desliplate-a2-productos-especiales","status":"publish","type":"product","link":"https:\/\/jetpaper.ar\/?product=sk50-a2-desliplate-a2-productos-especiales","title":{"rendered":"SK50 A2 : Desliplate A2 Productos Especiales"},"content":{"rendered":"","protected":false},"excerpt":{"rendered":"<p><strong>SK50 A2 : Desliplate A2 Productos Especiales<\/strong><\/p>\n<p>Elimina totalmente marcas de cinta adhesiva, manchas, huellas, grasas, tintas, etc., dejando una protecci\u00f3n antiest\u00e1tica que evita la suciedad. Especial para astralones, poli\u00e9ster, platinas de vidrio y pel\u00edculas. Disponible en botella x 1 litro.<\/p>\n","protected":false},"featured_media":1121,"comment_status":"closed","ping_status":"closed","template":"","meta":[],"_links":{"self":[{"href":"https:\/\/jetpaper.ar\/index.php?rest_route=\/wp\/v2\/product\/1110"}],"collection":[{"href":"https:\/\/jetpaper.ar\/index.php?rest_route=\/wp\/v2\/product"}],"about":[{"href":"https:\/\/jetpaper.ar\/index.php?rest_route=\/wp\/v2\/types\/product"}],"replies":[{"embeddable":true,"href":"https:\/\/jetpaper.ar\/index.php?rest_route=%2Fwp%2Fv2%2Fcomments&post=1110"}],"wp:featuredmedia":[{"embeddable":true,"href":"https:\/\/jetpaper.ar\/index.php?rest_route=\/wp\/v2\/media\/1121"}],"wp:attachment":[{"href":"https:\/\/jetpaper.ar\/index.php?rest_route=%2Fwp%2Fv2%2Fmedia&parent=1110"}],"curies":[{"name":"wp","href":"https:\/\/api.w.org\/{rel}","templated":true}]}}