{"id":1109,"date":"2021-08-27T18:58:18","date_gmt":"2021-08-27T21:58:18","guid":{"rendered":"https:\/\/jetpaper.ar\/?post_type=product&#038;p=1109"},"modified":"2021-08-27T18:58:19","modified_gmt":"2021-08-27T21:58:19","slug":"sk50-desliplate-productos-especiales","status":"publish","type":"product","link":"https:\/\/jetpaper.ar\/?product=sk50-desliplate-productos-especiales","title":{"rendered":"SK50 : Desliplate Productos Especiales"},"content":{"rendered":"","protected":false},"excerpt":{"rendered":"<p><strong>SK50 : Desliplate Productos Especiales<\/strong><\/p>\n<p>Producto desarrollado para la limpieza de metales. Su exclusiva f\u00f3rmula antioxidante limpia, lubrica y protege toda superficie met\u00e1lica. Ideal para platinas, guillotinas, mesas de trabajo, tambores impresores, pinzas, cadenas y m\u00e1quinas auxiliares.<\/p>\n","protected":false},"featured_media":1070,"comment_status":"closed","ping_status":"closed","template":"","meta":[],"_links":{"self":[{"href":"https:\/\/jetpaper.ar\/index.php?rest_route=\/wp\/v2\/product\/1109"}],"collection":[{"href":"https:\/\/jetpaper.ar\/index.php?rest_route=\/wp\/v2\/product"}],"about":[{"href":"https:\/\/jetpaper.ar\/index.php?rest_route=\/wp\/v2\/types\/product"}],"replies":[{"embeddable":true,"href":"https:\/\/jetpaper.ar\/index.php?rest_route=%2Fwp%2Fv2%2Fcomments&post=1109"}],"wp:featuredmedia":[{"embeddable":true,"href":"https:\/\/jetpaper.ar\/index.php?rest_route=\/wp\/v2\/media\/1070"}],"wp:attachment":[{"href":"https:\/\/jetpaper.ar\/index.php?rest_route=%2Fwp%2Fv2%2Fmedia&parent=1109"}],"curies":[{"name":"wp","href":"https:\/\/api.w.org\/{rel}","templated":true}]}}