{"id":1108,"date":"2021-08-27T18:52:50","date_gmt":"2021-08-27T21:52:50","guid":{"rendered":"https:\/\/jetpaper.ar\/?post_type=product&#038;p=1108"},"modified":"2021-08-27T18:52:51","modified_gmt":"2021-08-27T21:52:51","slug":"sk7-goma-stalktac-tratamiento-de-planchas","status":"publish","type":"product","link":"https:\/\/jetpaper.ar\/?product=sk7-goma-stalktac-tratamiento-de-planchas","title":{"rendered":"SK7 : Goma Stalktac Tratamiento de Planchas"},"content":{"rendered":"","protected":false},"excerpt":{"rendered":"<p><strong>SK7 : Goma Stalktac Tratamiento de Planchas<\/strong><\/p>\n<p>Goma de alto poder protector para todo tipo de planchas. Su composici\u00f3n qu\u00edmica permite aumentar el tiempo acci\u00f3n sobre la superficie de la plancha. Apta para uso manual o en equipo autom\u00e1tico (diluido en agua). Disponible en bidones de 2.5, 5 y 10 Litros.<\/p>\n","protected":false},"featured_media":1088,"comment_status":"closed","ping_status":"closed","template":"","meta":[],"_links":{"self":[{"href":"https:\/\/jetpaper.ar\/index.php?rest_route=\/wp\/v2\/product\/1108"}],"collection":[{"href":"https:\/\/jetpaper.ar\/index.php?rest_route=\/wp\/v2\/product"}],"about":[{"href":"https:\/\/jetpaper.ar\/index.php?rest_route=\/wp\/v2\/types\/product"}],"replies":[{"embeddable":true,"href":"https:\/\/jetpaper.ar\/index.php?rest_route=%2Fwp%2Fv2%2Fcomments&post=1108"}],"wp:featuredmedia":[{"embeddable":true,"href":"https:\/\/jetpaper.ar\/index.php?rest_route=\/wp\/v2\/media\/1088"}],"wp:attachment":[{"href":"https:\/\/jetpaper.ar\/index.php?rest_route=%2Fwp%2Fv2%2Fmedia&parent=1108"}],"curies":[{"name":"wp","href":"https:\/\/api.w.org\/{rel}","templated":true}]}}