{"id":1107,"date":"2021-08-27T18:49:37","date_gmt":"2021-08-27T21:49:37","guid":{"rendered":"https:\/\/jetpaper.ar\/?post_type=product&#038;p=1107"},"modified":"2021-08-27T18:49:37","modified_gmt":"2021-08-27T21:49:37","slug":"sk13-inklean-linea-de-limpiadores-de-alta-performance","status":"publish","type":"product","link":"https:\/\/jetpaper.ar\/?product=sk13-inklean-linea-de-limpiadores-de-alta-performance","title":{"rendered":"SK13 : Inklean L\u00ednea de Limpiadores de Alta Performance\u00a0"},"content":{"rendered":"","protected":false},"excerpt":{"rendered":"<p><strong>SK13 : Inklean L\u00ednea de Limpiadores de Alta Performance\u00a0<\/strong><\/p>\n<p>Limpiador l\u00edquido, formulado a bases de diluyentes especiales para la limpieza de cilindros de tinta. Disuelve la tinta descristaliz\u00e1ndola. Evita los olores desagradables t\u00edpicos de los talleres gr\u00e1ficos. Para lavado manual y descarga.<\/p>\n","protected":false},"featured_media":1082,"comment_status":"closed","ping_status":"closed","template":"","meta":[],"_links":{"self":[{"href":"https:\/\/jetpaper.ar\/index.php?rest_route=\/wp\/v2\/product\/1107"}],"collection":[{"href":"https:\/\/jetpaper.ar\/index.php?rest_route=\/wp\/v2\/product"}],"about":[{"href":"https:\/\/jetpaper.ar\/index.php?rest_route=\/wp\/v2\/types\/product"}],"replies":[{"embeddable":true,"href":"https:\/\/jetpaper.ar\/index.php?rest_route=%2Fwp%2Fv2%2Fcomments&post=1107"}],"wp:featuredmedia":[{"embeddable":true,"href":"https:\/\/jetpaper.ar\/index.php?rest_route=\/wp\/v2\/media\/1082"}],"wp:attachment":[{"href":"https:\/\/jetpaper.ar\/index.php?rest_route=%2Fwp%2Fv2%2Fmedia&parent=1107"}],"curies":[{"name":"wp","href":"https:\/\/api.w.org\/{rel}","templated":true}]}}