{"id":1105,"date":"2021-08-27T18:44:18","date_gmt":"2021-08-27T21:44:18","guid":{"rendered":"https:\/\/jetpaper.ar\/?post_type=product&#038;p=1105"},"modified":"2021-08-27T18:44:19","modified_gmt":"2021-08-27T21:44:19","slug":"sk960-economicwash-linea-de-limpiadores-de-alta-performance","status":"publish","type":"product","link":"https:\/\/jetpaper.ar\/?product=sk960-economicwash-linea-de-limpiadores-de-alta-performance","title":{"rendered":"SK960 : Economicwash L\u00ednea de Limpiadores de Alta Performance"},"content":{"rendered":"","protected":false},"excerpt":{"rendered":"<p><strong>SK960 : Economicwash L\u00ednea de Limpiadores de Alta Performance<\/strong><\/p>\n<p>Lavador econ\u00f3mico de rodillos y mantillas miscible en agua. Contiene antioxidantes para conservar la bater\u00eda siempre limpia. Puede ser usado de manera convencional en todo tipo de m\u00e1quinas. Tambi\u00e9n puede ser usado en sistemas de lavado autom\u00e1tico. Su composici\u00f3n qu\u00edmica disminuye los olores fuertes en la sala de prensa.<\/p>\n","protected":false},"featured_media":1076,"comment_status":"closed","ping_status":"closed","template":"","meta":[],"_links":{"self":[{"href":"https:\/\/jetpaper.ar\/index.php?rest_route=\/wp\/v2\/product\/1105"}],"collection":[{"href":"https:\/\/jetpaper.ar\/index.php?rest_route=\/wp\/v2\/product"}],"about":[{"href":"https:\/\/jetpaper.ar\/index.php?rest_route=\/wp\/v2\/types\/product"}],"replies":[{"embeddable":true,"href":"https:\/\/jetpaper.ar\/index.php?rest_route=%2Fwp%2Fv2%2Fcomments&post=1105"}],"wp:featuredmedia":[{"embeddable":true,"href":"https:\/\/jetpaper.ar\/index.php?rest_route=\/wp\/v2\/media\/1076"}],"wp:attachment":[{"href":"https:\/\/jetpaper.ar\/index.php?rest_route=%2Fwp%2Fv2%2Fmedia&parent=1105"}],"curies":[{"name":"wp","href":"https:\/\/api.w.org\/{rel}","templated":true}]}}