{"id":1104,"date":"2021-08-27T17:58:31","date_gmt":"2021-08-27T20:58:31","guid":{"rendered":"https:\/\/jetpaper.ar\/?post_type=product&#038;p=1104"},"modified":"2021-08-27T18:40:49","modified_gmt":"2021-08-27T21:40:49","slug":"sk18-addink-acondicionadores-para-offset","status":"publish","type":"product","link":"https:\/\/jetpaper.ar\/?product=sk18-addink-acondicionadores-para-offset","title":{"rendered":"SK18 : Addink Acondicionadores Para Offset\u00a0"},"content":{"rendered":"","protected":false},"excerpt":{"rendered":"<p><strong>SK18 : Addink Acondicionadores Para Offset\u00a0<\/strong><\/p>\n<p>Soluci\u00f3n l\u00edquida aditiva para tintas. Permite aumentar el brillo de la impresi\u00f3n ahorrando tinta y evitando que se peguen los pliegos entre s\u00ed o en la mantilla. Abre el punto en los grisados. Se puede utilizar en tipograf\u00eda y en offset. Optimiza su rendimiento cuando se utilizan tintas met\u00e1licas. S\u00f3lo 50 gr.\/kg. de tinta. Disponible en botella x 1 Litro.<\/p>\n","protected":false},"featured_media":1067,"comment_status":"closed","ping_status":"closed","template":"","meta":[],"_links":{"self":[{"href":"https:\/\/jetpaper.ar\/index.php?rest_route=\/wp\/v2\/product\/1104"}],"collection":[{"href":"https:\/\/jetpaper.ar\/index.php?rest_route=\/wp\/v2\/product"}],"about":[{"href":"https:\/\/jetpaper.ar\/index.php?rest_route=\/wp\/v2\/types\/product"}],"replies":[{"embeddable":true,"href":"https:\/\/jetpaper.ar\/index.php?rest_route=%2Fwp%2Fv2%2Fcomments&post=1104"}],"wp:featuredmedia":[{"embeddable":true,"href":"https:\/\/jetpaper.ar\/index.php?rest_route=\/wp\/v2\/media\/1067"}],"wp:attachment":[{"href":"https:\/\/jetpaper.ar\/index.php?rest_route=%2Fwp%2Fv2%2Fmedia&parent=1104"}],"curies":[{"name":"wp","href":"https:\/\/api.w.org\/{rel}","templated":true}]}}