{"id":1103,"date":"2021-08-27T17:51:25","date_gmt":"2021-08-27T20:51:25","guid":{"rendered":"https:\/\/jetpaper.ar\/?post_type=product&#038;p=1103"},"modified":"2021-08-27T17:51:25","modified_gmt":"2021-08-27T20:51:25","slug":"sk163-water-paper-acondicionadores-para-offset","status":"publish","type":"product","link":"https:\/\/jetpaper.ar\/?product=sk163-water-paper-acondicionadores-para-offset","title":{"rendered":"SK163 : Water Paper Acondicionadores para Offset"},"content":{"rendered":"","protected":false},"excerpt":{"rendered":"<p><strong>SK163 : Water Paper Acondicionadores para Offset<\/strong><\/p>\n<p>Soluci\u00f3n humectante \u00e1cida especialmente formulada para master de papel, poli\u00e9ster y planchas presensibilizadas. Sus propiedades desengrasantes mejoran notablemente la humedad del master, permitiendo una mayor duraci\u00f3n del mismo.<\/p>\n","protected":false},"featured_media":1073,"comment_status":"closed","ping_status":"closed","template":"","meta":[],"_links":{"self":[{"href":"https:\/\/jetpaper.ar\/index.php?rest_route=\/wp\/v2\/product\/1103"}],"collection":[{"href":"https:\/\/jetpaper.ar\/index.php?rest_route=\/wp\/v2\/product"}],"about":[{"href":"https:\/\/jetpaper.ar\/index.php?rest_route=\/wp\/v2\/types\/product"}],"replies":[{"embeddable":true,"href":"https:\/\/jetpaper.ar\/index.php?rest_route=%2Fwp%2Fv2%2Fcomments&post=1103"}],"wp:featuredmedia":[{"embeddable":true,"href":"https:\/\/jetpaper.ar\/index.php?rest_route=\/wp\/v2\/media\/1073"}],"wp:attachment":[{"href":"https:\/\/jetpaper.ar\/index.php?rest_route=%2Fwp%2Fv2%2Fmedia&parent=1103"}],"curies":[{"name":"wp","href":"https:\/\/api.w.org\/{rel}","templated":true}]}}