{"id":1102,"date":"2021-08-27T17:29:49","date_gmt":"2021-08-27T20:29:49","guid":{"rendered":"https:\/\/jetpaper.ar\/?post_type=product&#038;p=1102"},"modified":"2021-08-27T17:39:32","modified_gmt":"2021-08-27T20:39:32","slug":"sk20-clouthfluid-linea-de-limpiadores-de-alta-performance","status":"publish","type":"product","link":"https:\/\/jetpaper.ar\/?product=sk20-clouthfluid-linea-de-limpiadores-de-alta-performance","title":{"rendered":"SK20 : Clouthfluid L\u00ednea de Limpiadores de Alta Performance\u00a0"},"content":{"rendered":"","protected":false},"excerpt":{"rendered":"<p><strong>SK20 : Clouthfluid L\u00ednea de Limpiadores de Alta Performance\u00a0<\/strong><\/p>\n<p>Soluci\u00f3n realizada a base de diluyentes biodegradables, evita el cepillado en la limpieza de pa\u00f1os mojadores. Por su composici\u00f3n qu\u00edmica, no perjudica la fibra de algod\u00f3n ni altera el pH de las fuentes. Para ser utilizado en forma manual o en m\u00e1quinas autom\u00e1ticas. Se diluye en agua a la mitad, optimizando su rendimiento.<\/p>\n","protected":false},"featured_media":1068,"comment_status":"closed","ping_status":"closed","template":"","meta":[],"_links":{"self":[{"href":"https:\/\/jetpaper.ar\/index.php?rest_route=\/wp\/v2\/product\/1102"}],"collection":[{"href":"https:\/\/jetpaper.ar\/index.php?rest_route=\/wp\/v2\/product"}],"about":[{"href":"https:\/\/jetpaper.ar\/index.php?rest_route=\/wp\/v2\/types\/product"}],"replies":[{"embeddable":true,"href":"https:\/\/jetpaper.ar\/index.php?rest_route=%2Fwp%2Fv2%2Fcomments&post=1102"}],"wp:featuredmedia":[{"embeddable":true,"href":"https:\/\/jetpaper.ar\/index.php?rest_route=\/wp\/v2\/media\/1068"}],"wp:attachment":[{"href":"https:\/\/jetpaper.ar\/index.php?rest_route=%2Fwp%2Fv2%2Fmedia&parent=1102"}],"curies":[{"name":"wp","href":"https:\/\/api.w.org\/{rel}","templated":true}]}}