{"id":1099,"date":"2021-08-27T17:20:18","date_gmt":"2021-08-27T20:20:18","guid":{"rendered":"https:\/\/jetpaper.ar\/?post_type=product&#038;p=1099"},"modified":"2021-08-27T17:26:53","modified_gmt":"2021-08-27T20:26:53","slug":"sk15-developer-tratamiento-de-planchas","status":"publish","type":"product","link":"https:\/\/jetpaper.ar\/?product=sk15-developer-tratamiento-de-planchas","title":{"rendered":"SK15 : Developer Tratamiento de Planchas\u00a0"},"content":{"rendered":"","protected":false},"excerpt":{"rendered":"<p><strong>SK15 : Developer Tratamiento de Planchas\u00a0<\/strong><\/p>\n<p>Producto concentrado para el revelado de planchas presensibilizadas positivas. Para ser utilizado en m\u00e1quinas reveladoras autom\u00e1ticas o cubetas. Diluciones seg\u00fan tipo de plancha. Disponible en botella de 1 Litro y bidones de 5, 10 y 20 Litros.<\/p>\n","protected":false},"featured_media":1065,"comment_status":"closed","ping_status":"closed","template":"","meta":[],"_links":{"self":[{"href":"https:\/\/jetpaper.ar\/index.php?rest_route=\/wp\/v2\/product\/1099"}],"collection":[{"href":"https:\/\/jetpaper.ar\/index.php?rest_route=\/wp\/v2\/product"}],"about":[{"href":"https:\/\/jetpaper.ar\/index.php?rest_route=\/wp\/v2\/types\/product"}],"replies":[{"embeddable":true,"href":"https:\/\/jetpaper.ar\/index.php?rest_route=%2Fwp%2Fv2%2Fcomments&post=1099"}],"wp:featuredmedia":[{"embeddable":true,"href":"https:\/\/jetpaper.ar\/index.php?rest_route=\/wp\/v2\/media\/1065"}],"wp:attachment":[{"href":"https:\/\/jetpaper.ar\/index.php?rest_route=%2Fwp%2Fv2%2Fmedia&parent=1099"}],"curies":[{"name":"wp","href":"https:\/\/api.w.org\/{rel}","templated":true}]}}