{"id":1098,"date":"2021-08-27T17:13:28","date_gmt":"2021-08-27T20:13:28","guid":{"rendered":"https:\/\/jetpaper.ar\/?post_type=product&#038;p=1098"},"modified":"2021-08-27T17:13:29","modified_gmt":"2021-08-27T20:13:29","slug":"sk25-waterfluid-ph-4-5-5-5-acondicionadores-para-offset","status":"publish","type":"product","link":"https:\/\/jetpaper.ar\/?product=sk25-waterfluid-ph-4-5-5-5-acondicionadores-para-offset","title":{"rendered":"SK25 : Waterfluid PH 4.5 &#8211; 5.5 Acondicionadores para Offset\u00a0"},"content":{"rendered":"","protected":false},"excerpt":{"rendered":"<p><strong>SK25 : Waterfluid PH 4.5 &#8211; 5.5 Acondicionadores para Offset\u00a0<\/strong><\/p>\n<p>Soluci\u00f3n de fuente concentrada. Reduce la cantidad de agua, logrando una emulsi\u00f3n estable para r\u00e1pidos arranques en fr\u00edo. Mejora el mojado, garantiza la perfecta definici\u00f3n de la imagen y reduce la posibilidad de velo. Regula el PH de 4.5 a 5.5. Disponible en bidones de 5, 10, 20 y tambores de 200 Lts.<\/p>\n","protected":false},"featured_media":1080,"comment_status":"closed","ping_status":"closed","template":"","meta":[],"_links":{"self":[{"href":"https:\/\/jetpaper.ar\/index.php?rest_route=\/wp\/v2\/product\/1098"}],"collection":[{"href":"https:\/\/jetpaper.ar\/index.php?rest_route=\/wp\/v2\/product"}],"about":[{"href":"https:\/\/jetpaper.ar\/index.php?rest_route=\/wp\/v2\/types\/product"}],"replies":[{"embeddable":true,"href":"https:\/\/jetpaper.ar\/index.php?rest_route=%2Fwp%2Fv2%2Fcomments&post=1098"}],"wp:featuredmedia":[{"embeddable":true,"href":"https:\/\/jetpaper.ar\/index.php?rest_route=\/wp\/v2\/media\/1080"}],"wp:attachment":[{"href":"https:\/\/jetpaper.ar\/index.php?rest_route=%2Fwp%2Fv2%2Fmedia&parent=1098"}],"curies":[{"name":"wp","href":"https:\/\/api.w.org\/{rel}","templated":true}]}}