{"id":1097,"date":"2021-08-27T17:09:43","date_gmt":"2021-08-27T20:09:43","guid":{"rendered":"https:\/\/jetpaper.ar\/?post_type=product&#038;p=1097"},"modified":"2021-08-27T17:10:10","modified_gmt":"2021-08-27T20:10:10","slug":"sk8-unink-paste-linea-de-limpiadores-de-alta-performance","status":"publish","type":"product","link":"https:\/\/jetpaper.ar\/?product=sk8-unink-paste-linea-de-limpiadores-de-alta-performance","title":{"rendered":"SK8 : Unink Paste L\u00ednea de Limpiadores de Alta Performance"},"content":{"rendered":"","protected":false},"excerpt":{"rendered":"<p><strong>SK8 : Unink Paste L\u00ednea de Limpiadores de Alta Performance <\/strong><\/p>\n<p>Pasta de limpieza y descristalizaci\u00f3n de cilindros. Aterciopelada y limpia profundamente d\u00e1ndole el mordiente original al cilindro. Al ser de consistencia cremosa, no se evapora. Ideal en el cambio de color r\u00e1pido o mantenimiento. Se descarga con limpiador l\u00edquido. Disponible en pote de 1 Kg. y caja de 12 potes x 1 Kg.<\/p>\n","protected":false},"featured_media":1066,"comment_status":"closed","ping_status":"closed","template":"","meta":[],"_links":{"self":[{"href":"https:\/\/jetpaper.ar\/index.php?rest_route=\/wp\/v2\/product\/1097"}],"collection":[{"href":"https:\/\/jetpaper.ar\/index.php?rest_route=\/wp\/v2\/product"}],"about":[{"href":"https:\/\/jetpaper.ar\/index.php?rest_route=\/wp\/v2\/types\/product"}],"replies":[{"embeddable":true,"href":"https:\/\/jetpaper.ar\/index.php?rest_route=%2Fwp%2Fv2%2Fcomments&post=1097"}],"wp:featuredmedia":[{"embeddable":true,"href":"https:\/\/jetpaper.ar\/index.php?rest_route=\/wp\/v2\/media\/1066"}],"wp:attachment":[{"href":"https:\/\/jetpaper.ar\/index.php?rest_route=%2Fwp%2Fv2%2Fmedia&parent=1097"}],"curies":[{"name":"wp","href":"https:\/\/api.w.org\/{rel}","templated":true}]}}