{"id":1096,"date":"2021-08-27T17:05:33","date_gmt":"2021-08-27T20:05:33","guid":{"rendered":"https:\/\/jetpaper.ar\/?post_type=product&#038;p=1096"},"modified":"2021-08-27T17:05:33","modified_gmt":"2021-08-27T20:05:33","slug":"sk11-lapiz-corrector-grueso-tratamiento-de-planchas","status":"publish","type":"product","link":"https:\/\/jetpaper.ar\/?product=sk11-lapiz-corrector-grueso-tratamiento-de-planchas","title":{"rendered":"SK11 : L\u00e1piz Corrector Grueso Tratamiento de Planchas"},"content":{"rendered":"","protected":false},"excerpt":{"rendered":"<p><strong>SK11 : L\u00e1piz Corrector Grueso Tratamiento de Planchas <\/strong><\/p>\n<p>Auxiliar ideal para realizar en forma r\u00e1pida y precisa los trabajos de correcci\u00f3n sobre la plancha. Su exclusiva f\u00f3rmula otorga una duraci\u00f3n prolongada. Disponible en versiones de punta media (redondeada) y punta gruesa (cuadrada). Presentaci\u00f3n blister x 4 unidades.<\/p>\n","protected":false},"featured_media":1063,"comment_status":"closed","ping_status":"closed","template":"","meta":[],"_links":{"self":[{"href":"https:\/\/jetpaper.ar\/index.php?rest_route=\/wp\/v2\/product\/1096"}],"collection":[{"href":"https:\/\/jetpaper.ar\/index.php?rest_route=\/wp\/v2\/product"}],"about":[{"href":"https:\/\/jetpaper.ar\/index.php?rest_route=\/wp\/v2\/types\/product"}],"replies":[{"embeddable":true,"href":"https:\/\/jetpaper.ar\/index.php?rest_route=%2Fwp%2Fv2%2Fcomments&post=1096"}],"wp:featuredmedia":[{"embeddable":true,"href":"https:\/\/jetpaper.ar\/index.php?rest_route=\/wp\/v2\/media\/1063"}],"wp:attachment":[{"href":"https:\/\/jetpaper.ar\/index.php?rest_route=%2Fwp%2Fv2%2Fmedia&parent=1096"}],"curies":[{"name":"wp","href":"https:\/\/api.w.org\/{rel}","templated":true}]}}