{"id":1090,"date":"2021-08-27T16:27:38","date_gmt":"2021-08-27T19:27:38","guid":{"rendered":"https:\/\/jetpaper.ar\/?post_type=product&#038;p=1090"},"modified":"2021-08-27T16:50:34","modified_gmt":"2021-08-27T19:50:34","slug":"sk6-goma-arabiga-nat-tratamiento-de-planchas","status":"publish","type":"product","link":"https:\/\/jetpaper.ar\/?product=sk6-goma-arabiga-nat-tratamiento-de-planchas","title":{"rendered":"SK6 : Goma Ar\u00e1biga Nat.Tratamiento de Planchas"},"content":{"rendered":"","protected":false},"excerpt":{"rendered":"<p><strong>SK6 : Goma Ar\u00e1biga Nat.Tratamiento de Planchas<\/strong><\/p>\n<p>L\u00ednea ecol\u00f3gica. Su f\u00f3rmula a base de goma ar\u00e1biga pura permite un alto poder protector, elevando al m\u00e1ximo el tiempo de protecci\u00f3n de todo tipo de planchas. Disponible en bidones de 2.5, 5 y 10 Litros.<\/p>\n","protected":false},"featured_media":1077,"comment_status":"closed","ping_status":"closed","template":"","meta":[],"_links":{"self":[{"href":"https:\/\/jetpaper.ar\/index.php?rest_route=\/wp\/v2\/product\/1090"}],"collection":[{"href":"https:\/\/jetpaper.ar\/index.php?rest_route=\/wp\/v2\/product"}],"about":[{"href":"https:\/\/jetpaper.ar\/index.php?rest_route=\/wp\/v2\/types\/product"}],"replies":[{"embeddable":true,"href":"https:\/\/jetpaper.ar\/index.php?rest_route=%2Fwp%2Fv2%2Fcomments&post=1090"}],"wp:featuredmedia":[{"embeddable":true,"href":"https:\/\/jetpaper.ar\/index.php?rest_route=\/wp\/v2\/media\/1077"}],"wp:attachment":[{"href":"https:\/\/jetpaper.ar\/index.php?rest_route=%2Fwp%2Fv2%2Fmedia&parent=1090"}],"curies":[{"name":"wp","href":"https:\/\/api.w.org\/{rel}","templated":true}]}}